{"id":201,"date":"2018-12-07T12:51:06","date_gmt":"2018-12-07T12:51:06","guid":{"rendered":"https:\/\/itnetworks.com.ec\/wp\/all-courses\/"},"modified":"2021-11-23T14:46:21","modified_gmt":"2021-11-23T14:46:21","slug":"soluciones","status":"publish","type":"page","link":"https:\/\/itnetworks.com.ec\/?page_id=201","title":{"rendered":"Nuestras Soluciones"},"content":{"rendered":"\t\t<div data-elementor-type=\"wp-post\" data-elementor-id=\"201\" class=\"elementor elementor-201\">\n\t\t\t\t\t\t<section class=\"elementor-section elementor-top-section elementor-element elementor-element-65ddfad3 elementor-section-height-min-height elementor-section-boxed elementor-section-height-default elementor-section-items-middle\" data-id=\"65ddfad3\" data-element_type=\"section\" data-e-type=\"section\" data-settings=\"{&quot;background_background&quot;:&quot;slideshow&quot;,&quot;background_slideshow_gallery&quot;:[{&quot;id&quot;:25748,&quot;url&quot;:&quot;https:\\\/\\\/itnetworks.com.ec\\\/wp\\\/wp-content\\\/uploads\\\/2021\\\/07\\\/HELPDESK2.jpg&quot;},{&quot;id&quot;:25713,&quot;url&quot;:&quot;https:\\\/\\\/itnetworks.com.ec\\\/wp\\\/wp-content\\\/uploads\\\/2021\\\/07\\\/TransformacionDigital.jpg&quot;},{&quot;id&quot;:25712,&quot;url&quot;:&quot;https:\\\/\\\/itnetworks.com.ec\\\/wp\\\/wp-content\\\/uploads\\\/2021\\\/07\\\/SeguridadEmpresarial.jpg&quot;},{&quot;id&quot;:25710,&quot;url&quot;:&quot;https:\\\/\\\/itnetworks.com.ec\\\/wp\\\/wp-content\\\/uploads\\\/2021\\\/07\\\/Network.jpg&quot;}],&quot;background_slideshow_slide_duration&quot;:4982,&quot;background_slideshow_transition_duration&quot;:300,&quot;background_slideshow_loop&quot;:&quot;yes&quot;,&quot;background_slideshow_slide_transition&quot;:&quot;fade&quot;}\">\n\t\t\t\t\t\t\t<div class=\"elementor-background-overlay\"><\/div>\n\t\t\t\t\t\t\t<div class=\"elementor-container elementor-column-gap-default\">\n\t\t\t\t\t<div class=\"elementor-column elementor-col-100 elementor-top-column elementor-element elementor-element-833f67b\" data-id=\"833f67b\" data-element_type=\"column\" data-e-type=\"column\">\n\t\t\t<div class=\"elementor-widget-wrap\">\n\t\t\t\t\t\t\t<\/div>\n\t\t<\/div>\n\t\t\t\t\t<\/div>\n\t\t<\/section>\n\t\t\t\t<section class=\"elementor-section elementor-top-section elementor-element elementor-element-ac8914e elementor-section-boxed elementor-section-height-default elementor-section-height-default\" data-id=\"ac8914e\" data-element_type=\"section\" data-e-type=\"section\" data-settings=\"{&quot;background_background&quot;:&quot;classic&quot;,&quot;shape_divider_top&quot;:&quot;waves&quot;}\">\n\t\t\t\t\t<div class=\"elementor-shape elementor-shape-top\" aria-hidden=\"true\" data-negative=\"false\">\n\t\t\t<svg xmlns=\"http:\/\/www.w3.org\/2000\/svg\" viewBox=\"0 0 1000 100\" preserveAspectRatio=\"none\">\n\t<path class=\"elementor-shape-fill\" d=\"M421.9,6.5c22.6-2.5,51.5,0.4,75.5,5.3c23.6,4.9,70.9,23.5,100.5,35.7c75.8,32.2,133.7,44.5,192.6,49.7\n\tc23.6,2.1,48.7,3.5,103.4-2.5c54.7-6,106.2-25.6,106.2-25.6V0H0v30.3c0,0,72,32.6,158.4,30.5c39.2-0.7,92.8-6.7,134-22.4\n\tc21.2-8.1,52.2-18.2,79.7-24.2C399.3,7.9,411.6,7.5,421.9,6.5z\"\/>\n<\/svg>\t\t<\/div>\n\t\t\t\t\t<div class=\"elementor-container elementor-column-gap-default\">\n\t\t\t\t\t<div class=\"elementor-column elementor-col-100 elementor-top-column elementor-element elementor-element-3eb719e\" data-id=\"3eb719e\" data-element_type=\"column\" data-e-type=\"column\">\n\t\t\t<div class=\"elementor-widget-wrap elementor-element-populated\">\n\t\t\t\t\t\t<section class=\"elementor-section elementor-inner-section elementor-element elementor-element-e71dabb elementor-section-content-space-evenly elementor-section-boxed elementor-section-height-default elementor-section-height-default\" data-id=\"e71dabb\" data-element_type=\"section\" data-e-type=\"section\" data-settings=\"{&quot;background_background&quot;:&quot;classic&quot;}\">\n\t\t\t\t\t\t<div class=\"elementor-container elementor-column-gap-default\">\n\t\t\t\t\t<div class=\"elementor-column elementor-col-50 elementor-inner-column elementor-element elementor-element-28f861c\" data-id=\"28f861c\" data-element_type=\"column\" data-e-type=\"column\" data-settings=\"{&quot;background_background&quot;:&quot;gradient&quot;}\">\n\t\t\t<div class=\"elementor-widget-wrap elementor-element-populated\">\n\t\t\t\t\t<div class=\"elementor-background-overlay\"><\/div>\n\t\t\t\t\t\t<div class=\"elementor-element elementor-element-d590e06 elementor-widget elementor-widget-text-editor\" data-id=\"d590e06\" data-element_type=\"widget\" data-e-type=\"widget\" data-widget_type=\"text-editor.default\">\n\t\t\t\t<div class=\"elementor-widget-container\">\n\t\t\t\t\t\t\t\t\t<h4 style=\"text-align: center;\"><span style=\"color: #ffffff;\"><strong>SOPORTE DE INFRAESTUCTURA Y NETWORKING<\/strong><\/span><\/h4>\t\t\t\t\t\t\t\t<\/div>\n\t\t\t\t<\/div>\n\t\t\t\t<div class=\"elementor-element elementor-element-1afd6ac elementor-widget elementor-widget-text-editor\" data-id=\"1afd6ac\" data-element_type=\"widget\" data-e-type=\"widget\" data-widget_type=\"text-editor.default\">\n\t\t\t\t<div class=\"elementor-widget-container\">\n\t\t\t\t\t\t\t\t\t<ul><li><span style=\"color: #ffffff;\"><strong><span style=\"text-align: inherit;\">Dise\u00f1o, auditor\u00eda y mantenimiento de redes LAN y WLAN.<\/span><\/strong><\/span><\/li><li><span style=\"color: #ffffff;\"><strong>\u00a0Migraci\u00f3n, actualizaci\u00f3n y respaldos en servidores.<\/strong><\/span><\/li><li><span style=\"color: #ffffff;\"><strong>Data Center, servidores, virtualizaci\u00f3n.<\/strong><\/span><\/li><\/ul>\t\t\t\t\t\t\t\t<\/div>\n\t\t\t\t<\/div>\n\t\t\t\t\t<\/div>\n\t\t<\/div>\n\t\t\t\t<div class=\"elementor-column elementor-col-50 elementor-inner-column elementor-element elementor-element-392c820\" data-id=\"392c820\" data-element_type=\"column\" data-e-type=\"column\" data-settings=\"{&quot;background_background&quot;:&quot;gradient&quot;}\">\n\t\t\t<div class=\"elementor-widget-wrap elementor-element-populated\">\n\t\t\t\t\t\t<div class=\"elementor-element elementor-element-4a83f6c elementor-widget elementor-widget-image\" data-id=\"4a83f6c\" data-element_type=\"widget\" data-e-type=\"widget\" data-widget_type=\"image.default\">\n\t\t\t\t<div class=\"elementor-widget-container\">\n\t\t\t\t\t\t\t\t\t\t\t\t\t\t\t<img fetchpriority=\"high\" decoding=\"async\" width=\"1224\" height=\"857\" src=\"https:\/\/itnetworks.com.ec\/wp\/wp-content\/uploads\/2021\/07\/Network.jpg\" class=\"attachment-2048x2048 size-2048x2048 wp-image-25710\" alt=\"\" srcset=\"https:\/\/itnetworks.com.ec\/wp\/wp-content\/uploads\/2021\/07\/Network.jpg 1224w, https:\/\/itnetworks.com.ec\/wp\/wp-content\/uploads\/2021\/07\/Network-300x210.jpg 300w, https:\/\/itnetworks.com.ec\/wp\/wp-content\/uploads\/2021\/07\/Network-1024x717.jpg 1024w, https:\/\/itnetworks.com.ec\/wp\/wp-content\/uploads\/2021\/07\/Network-768x538.jpg 768w\" sizes=\"(max-width: 1224px) 100vw, 1224px\" \/>\t\t\t\t\t\t\t\t\t\t\t\t\t\t\t<\/div>\n\t\t\t\t<\/div>\n\t\t\t\t\t<\/div>\n\t\t<\/div>\n\t\t\t\t\t<\/div>\n\t\t<\/section>\n\t\t\t\t<section class=\"elementor-section elementor-inner-section elementor-element elementor-element-5643c8d elementor-section-content-space-evenly elementor-section-boxed elementor-section-height-default elementor-section-height-default\" data-id=\"5643c8d\" data-element_type=\"section\" data-e-type=\"section\">\n\t\t\t\t\t\t\t<div class=\"elementor-background-overlay\"><\/div>\n\t\t\t\t\t\t\t<div class=\"elementor-container elementor-column-gap-default\">\n\t\t\t\t\t<div class=\"elementor-column elementor-col-50 elementor-inner-column elementor-element elementor-element-6cb5d63\" data-id=\"6cb5d63\" data-element_type=\"column\" data-e-type=\"column\" data-settings=\"{&quot;background_background&quot;:&quot;gradient&quot;}\">\n\t\t\t<div class=\"elementor-widget-wrap elementor-element-populated\">\n\t\t\t\t\t\t<div class=\"elementor-element elementor-element-5f65346 elementor-widget elementor-widget-text-editor\" data-id=\"5f65346\" data-element_type=\"widget\" data-e-type=\"widget\" data-widget_type=\"text-editor.default\">\n\t\t\t\t<div class=\"elementor-widget-container\">\n\t\t\t\t\t\t\t\t\t<h4 style=\"text-align: center;\"><span style=\"color: #ffffff;\"><strong>CABLEADO ESTRUCTURADO<\/strong><\/span><\/h4>\t\t\t\t\t\t\t\t<\/div>\n\t\t\t\t<\/div>\n\t\t\t\t<div class=\"elementor-element elementor-element-afa3e47 elementor-widget elementor-widget-text-editor\" data-id=\"afa3e47\" data-element_type=\"widget\" data-e-type=\"widget\" data-widget_type=\"text-editor.default\">\n\t\t\t\t<div class=\"elementor-widget-container\">\n\t\t\t\t\t\t\t\t\t<ul><li><span style=\"color: #ffffff;\"><strong>Dise\u00f1o e implementacion de proyectos.<\/strong><\/span><\/li><li><span style=\"color: #ffffff;\"><strong>Fiscalizaci\u00f3n de obras.<\/strong><\/span><\/li><li><span style=\"color: #ffffff;\"><strong>Certificaci\u00f3n de Cableado.<\/strong><\/span><\/li><li><span style=\"color: #ffffff;\"><strong>Redes de Fibra Optica<\/strong><\/span><\/li><\/ul>\t\t\t\t\t\t\t\t<\/div>\n\t\t\t\t<\/div>\n\t\t\t\t\t<\/div>\n\t\t<\/div>\n\t\t\t\t<div class=\"elementor-column elementor-col-50 elementor-inner-column elementor-element elementor-element-0ee71e9\" data-id=\"0ee71e9\" data-element_type=\"column\" data-e-type=\"column\" data-settings=\"{&quot;background_background&quot;:&quot;gradient&quot;}\">\n\t\t\t<div class=\"elementor-widget-wrap elementor-element-populated\">\n\t\t\t\t\t\t<div class=\"elementor-element elementor-element-c215c19 elementor-widget elementor-widget-image\" data-id=\"c215c19\" data-element_type=\"widget\" data-e-type=\"widget\" data-widget_type=\"image.default\">\n\t\t\t\t<div class=\"elementor-widget-container\">\n\t\t\t\t\t\t\t\t\t\t\t\t\t\t\t<img decoding=\"async\" width=\"611\" height=\"404\" src=\"https:\/\/itnetworks.com.ec\/wp\/wp-content\/uploads\/2021\/11\/CableadoEstructurado.jpg\" class=\"attachment-large size-large wp-image-26180\" alt=\"\" srcset=\"https:\/\/itnetworks.com.ec\/wp\/wp-content\/uploads\/2021\/11\/CableadoEstructurado.jpg 611w, https:\/\/itnetworks.com.ec\/wp\/wp-content\/uploads\/2021\/11\/CableadoEstructurado-300x198.jpg 300w\" sizes=\"(max-width: 611px) 100vw, 611px\" \/>\t\t\t\t\t\t\t\t\t\t\t\t\t\t\t<\/div>\n\t\t\t\t<\/div>\n\t\t\t\t\t<\/div>\n\t\t<\/div>\n\t\t\t\t\t<\/div>\n\t\t<\/section>\n\t\t\t\t<section class=\"elementor-section elementor-inner-section elementor-element elementor-element-e0e2253 elementor-section-full_width elementor-section-content-space-evenly elementor-section-height-default elementor-section-height-default\" data-id=\"e0e2253\" data-element_type=\"section\" data-e-type=\"section\">\n\t\t\t\t\t\t<div class=\"elementor-container elementor-column-gap-no\">\n\t\t\t\t\t<div class=\"elementor-column elementor-col-50 elementor-inner-column elementor-element elementor-element-99be1e8\" data-id=\"99be1e8\" data-element_type=\"column\" data-e-type=\"column\" data-settings=\"{&quot;background_background&quot;:&quot;gradient&quot;}\">\n\t\t\t<div class=\"elementor-widget-wrap elementor-element-populated\">\n\t\t\t\t\t\t<div class=\"elementor-element elementor-element-eccdc1b elementor-widget elementor-widget-text-editor\" data-id=\"eccdc1b\" data-element_type=\"widget\" data-e-type=\"widget\" data-widget_type=\"text-editor.default\">\n\t\t\t\t<div class=\"elementor-widget-container\">\n\t\t\t\t\t\t\t\t\t<h4 style=\"text-align: center;\"><span style=\"color: #ffffff;\"><strong>SEGURIDAD EMPRESARIAL<\/strong><\/span><\/h4>\t\t\t\t\t\t\t\t<\/div>\n\t\t\t\t<\/div>\n\t\t\t\t<div class=\"elementor-element elementor-element-5ca6032 elementor-widget elementor-widget-text-editor\" data-id=\"5ca6032\" data-element_type=\"widget\" data-e-type=\"widget\" data-widget_type=\"text-editor.default\">\n\t\t\t\t<div class=\"elementor-widget-container\">\n\t\t\t\t\t\t\t\t\t<ul><li><span style=\"color: #ffffff;\"><strong><span style=\"white-space: pre-wrap;\"> Seguridad f\u00edsica.<\/span><\/strong><\/span><\/li><li><span style=\"color: #ffffff;\"><strong><span style=\"white-space: pre-wrap;\"> Seguridad de la informaci\u00f3n.<\/span><\/strong><\/span><\/li><\/ul>\t\t\t\t\t\t\t\t<\/div>\n\t\t\t\t<\/div>\n\t\t\t\t\t<\/div>\n\t\t<\/div>\n\t\t\t\t<div class=\"elementor-column elementor-col-50 elementor-inner-column elementor-element elementor-element-d95eae3\" data-id=\"d95eae3\" data-element_type=\"column\" data-e-type=\"column\" data-settings=\"{&quot;background_background&quot;:&quot;gradient&quot;}\">\n\t\t\t<div class=\"elementor-widget-wrap elementor-element-populated\">\n\t\t\t\t\t\t<div class=\"elementor-element elementor-element-e80d72a elementor-widget elementor-widget-image\" data-id=\"e80d72a\" data-element_type=\"widget\" data-e-type=\"widget\" data-widget_type=\"image.default\">\n\t\t\t\t<div class=\"elementor-widget-container\">\n\t\t\t\t\t\t\t\t\t\t\t\t\t\t\t<img decoding=\"async\" width=\"1024\" height=\"683\" src=\"https:\/\/itnetworks.com.ec\/wp\/wp-content\/uploads\/2021\/07\/SeguridadEmpresarial-1024x683.jpg\" class=\"attachment-large size-large wp-image-25712\" alt=\"\" srcset=\"https:\/\/itnetworks.com.ec\/wp\/wp-content\/uploads\/2021\/07\/SeguridadEmpresarial-1024x683.jpg 1024w, https:\/\/itnetworks.com.ec\/wp\/wp-content\/uploads\/2021\/07\/SeguridadEmpresarial-300x200.jpg 300w, https:\/\/itnetworks.com.ec\/wp\/wp-content\/uploads\/2021\/07\/SeguridadEmpresarial-768x512.jpg 768w, https:\/\/itnetworks.com.ec\/wp\/wp-content\/uploads\/2021\/07\/SeguridadEmpresarial-1536x1024.jpg 1536w, https:\/\/itnetworks.com.ec\/wp\/wp-content\/uploads\/2021\/07\/SeguridadEmpresarial-2048x1366.jpg 2048w\" sizes=\"(max-width: 1024px) 100vw, 1024px\" \/>\t\t\t\t\t\t\t\t\t\t\t\t\t\t\t<\/div>\n\t\t\t\t<\/div>\n\t\t\t\t\t<\/div>\n\t\t<\/div>\n\t\t\t\t\t<\/div>\n\t\t<\/section>\n\t\t\t\t<section class=\"elementor-section elementor-inner-section elementor-element elementor-element-08a26d9 elementor-section-full_width elementor-section-content-space-evenly elementor-section-height-default elementor-section-height-default\" data-id=\"08a26d9\" data-element_type=\"section\" data-e-type=\"section\">\n\t\t\t\t\t\t<div class=\"elementor-container elementor-column-gap-default\">\n\t\t\t\t\t<div class=\"elementor-column elementor-col-50 elementor-inner-column elementor-element elementor-element-c730139\" data-id=\"c730139\" data-element_type=\"column\" data-e-type=\"column\" data-settings=\"{&quot;background_background&quot;:&quot;gradient&quot;}\">\n\t\t\t<div class=\"elementor-widget-wrap elementor-element-populated\">\n\t\t\t\t\t\t<div class=\"elementor-element elementor-element-1f8a2bf elementor-widget elementor-widget-text-editor\" data-id=\"1f8a2bf\" data-element_type=\"widget\" data-e-type=\"widget\" data-widget_type=\"text-editor.default\">\n\t\t\t\t<div class=\"elementor-widget-container\">\n\t\t\t\t\t\t\t\t\t<h4 style=\"text-align: center;\"><span style=\"color: #ffffff;\">SOPORTE DE ESCRITORIO Y USUARIOS<\/span><\/h4>\t\t\t\t\t\t\t\t<\/div>\n\t\t\t\t<\/div>\n\t\t\t\t<div class=\"elementor-element elementor-element-58142dc elementor-widget elementor-widget-text-editor\" data-id=\"58142dc\" data-element_type=\"widget\" data-e-type=\"widget\" data-widget_type=\"text-editor.default\">\n\t\t\t\t<div class=\"elementor-widget-container\">\n\t\t\t\t\t\t\t\t\t<ul>\n<li><span style=\"color: #ffffff;\"><strong>Mesa de ayuda.<\/strong><\/span><\/li>\n<li><span style=\"color: #ffffff;\"><strong>Capacitaciones a usuarios.<\/strong><\/span><\/li>\n<li><span style=\"color: #ffffff;\"><strong>Mantenimiento de Equipos.<\/strong><\/span><\/li>\n<\/ul>\t\t\t\t\t\t\t\t<\/div>\n\t\t\t\t<\/div>\n\t\t\t\t\t<\/div>\n\t\t<\/div>\n\t\t\t\t<div class=\"elementor-column elementor-col-50 elementor-inner-column elementor-element elementor-element-82e56ba\" data-id=\"82e56ba\" data-element_type=\"column\" data-e-type=\"column\" data-settings=\"{&quot;background_background&quot;:&quot;gradient&quot;}\">\n\t\t\t<div class=\"elementor-widget-wrap elementor-element-populated\">\n\t\t\t\t\t\t<div class=\"elementor-element elementor-element-bb6c392 elementor-widget elementor-widget-image\" data-id=\"bb6c392\" data-element_type=\"widget\" data-e-type=\"widget\" data-widget_type=\"image.default\">\n\t\t\t\t<div class=\"elementor-widget-container\">\n\t\t\t\t\t\t\t\t\t\t\t\t\t\t\t<img loading=\"lazy\" decoding=\"async\" width=\"700\" height=\"451\" src=\"https:\/\/itnetworks.com.ec\/wp\/wp-content\/uploads\/2021\/07\/HELPDESK2.jpg\" class=\"attachment-large size-large wp-image-25748\" alt=\"\" srcset=\"https:\/\/itnetworks.com.ec\/wp\/wp-content\/uploads\/2021\/07\/HELPDESK2.jpg 700w, https:\/\/itnetworks.com.ec\/wp\/wp-content\/uploads\/2021\/07\/HELPDESK2-300x193.jpg 300w\" sizes=\"(max-width: 700px) 100vw, 700px\" \/>\t\t\t\t\t\t\t\t\t\t\t\t\t\t\t<\/div>\n\t\t\t\t<\/div>\n\t\t\t\t\t<\/div>\n\t\t<\/div>\n\t\t\t\t\t<\/div>\n\t\t<\/section>\n\t\t\t\t\t<\/div>\n\t\t<\/div>\n\t\t\t\t\t<\/div>\n\t\t<\/section>\n\t\t\t\t<\/div>\n\t\t","protected":false},"excerpt":{"rendered":"<p>SOPORTE DE INFRAESTUCTURA Y NETWORKING Dise\u00f1o, auditor\u00eda y mantenimiento de redes LAN y WLAN. \u00a0Migraci\u00f3n, actualizaci\u00f3n y respaldos en servidores. Data Center, servidores, virtualizaci\u00f3n. CABLEADO ESTRUCTURADO Dise\u00f1o e implementacion de proyectos. Fiscalizaci\u00f3n de obras. Certificaci\u00f3n de Cableado. Redes de Fibra Optica SEGURIDAD EMPRESARIAL Seguridad f\u00edsica. Seguridad de la informaci\u00f3n. SOPORTE DE ESCRITORIO Y USUARIOS Mesa de ayuda. Capacitaciones a usuarios. Mantenimiento de Equipos.<\/p>\n","protected":false},"author":1,"featured_media":0,"parent":0,"menu_order":0,"comment_status":"closed","ping_status":"closed","template":"elementor_header_footer","meta":{"_joinchat":[],"footnotes":""},"class_list":["post-201","page","type-page","status-publish","hentry"],"blocksy_meta":{"styles_descriptor":{"styles":{"desktop":"","tablet":"","mobile":""},"google_fonts":[],"version":4}},"_links":{"self":[{"href":"https:\/\/itnetworks.com.ec\/index.php?rest_route=\/wp\/v2\/pages\/201","targetHints":{"allow":["GET"]}}],"collection":[{"href":"https:\/\/itnetworks.com.ec\/index.php?rest_route=\/wp\/v2\/pages"}],"about":[{"href":"https:\/\/itnetworks.com.ec\/index.php?rest_route=\/wp\/v2\/types\/page"}],"author":[{"embeddable":true,"href":"https:\/\/itnetworks.com.ec\/index.php?rest_route=\/wp\/v2\/users\/1"}],"replies":[{"embeddable":true,"href":"https:\/\/itnetworks.com.ec\/index.php?rest_route=%2Fwp%2Fv2%2Fcomments&post=201"}],"version-history":[{"count":141,"href":"https:\/\/itnetworks.com.ec\/index.php?rest_route=\/wp\/v2\/pages\/201\/revisions"}],"predecessor-version":[{"id":26183,"href":"https:\/\/itnetworks.com.ec\/index.php?rest_route=\/wp\/v2\/pages\/201\/revisions\/26183"}],"wp:attachment":[{"href":"https:\/\/itnetworks.com.ec\/index.php?rest_route=%2Fwp%2Fv2%2Fmedia&parent=201"}],"curies":[{"name":"wp","href":"https:\/\/api.w.org\/{rel}","templated":true}]}}